{"id":33076,"date":"2022-01-21T05:24:27","date_gmt":"2022-01-21T05:24:27","guid":{"rendered":"http:\/\/elterritorialweb.com.ar\/web\/?page_id=33076"},"modified":"2022-01-21T05:29:10","modified_gmt":"2022-01-21T05:29:10","slug":"river-jugara-un-amistoso-con-independiente-a-puertas-cerradas","status":"publish","type":"page","link":"http:\/\/elterritorialweb.com.ar\/web\/river-jugara-un-amistoso-con-independiente-a-puertas-cerradas\/","title":{"rendered":"RIVER JUGAR\u00c1 UN AMISTOSO CON INDEPENDIENTE A PUERTAS CERRADAS"},"content":{"rendered":"\n<p>River Plate tendr\u00e1 este viernes su primer ensayo de f\u00fatbol formal en un amistoso con Independiente, que se jugar\u00e1 a puertas cerradas en el campus de la localidad bonaerense de Ezeiza como parte de la pretemporada.<\/p>\n\n\n\n<p><strong>Tras la negativa de participar en el torneo de Maldonado, Uruguay, por los posibles contagios de Covid-19, el DT Marcelo Gallardo eligi\u00f3 tener al menos tres partidos preparatorios<\/strong>&nbsp;y el primero ser\u00e1 este viernes a las 9.30 ante el \u00abRojo\u00bb de Avellaneda.<\/p>\n\n\n\n<p>La idea del \u00abMu\u00f1eco\u00bb es volver a jugar los fines de semana siguientes para poder llegar con ritmo a una temporada en la que afrontar\u00e1 competencia en Liga Profesional, la Supercopa Argentina, la Copa Argentina y la Copa Libertadores.<\/p>\n\n\n\n<p><strong>El plantel volvi\u00f3 al trabajo este jueves en Ezeiza con una rutina f\u00edsica de la que participaron tambi\u00e9n Carlos Auzqui, Cristian Ferreira y Franco Petroli,<\/strong>&nbsp;ausentes en el trabajo realizado en San Mart\u00edn de los Andes.<\/p>\n\n\n\n<p>Los tres trabajar\u00e1n con el plantel superior, aunque Auzqui lo har\u00e1 hasta arreglar su pr\u00e9stamo a V\u00e9lez o su venta a Brasil.<\/p>\n\n\n\n<p>Diferente es la situaci\u00f3n de&nbsp;<strong>Benjam\u00edn Rollheiser y Fabrizio Angileri, que seguir\u00e1n trabajando de manera individual sin sumarse al plantel por la falta de acuerdo para renovar sus respectivos contratos.<\/strong><\/p>\n\n\n\n<p>\u201cNo hay noticias y no las habr\u00e1, por ahora\u201d, insistieron a T\u00e9lam desde el club, con la firme postura de que los jugadores que est\u00e1n a 6 meses de terminar sus v\u00ednculos sean separados del plantel hasta tanto no firmen la renovaci\u00f3n.<\/p>\n\n\n\n<p>Por su parte, tanto Felipe Pe\u00f1a, que viene de una operaci\u00f3n de ligamentos en la rodilla, como Mat\u00edas Su\u00e1rez, a quien le resta un mes de reacondicionamiento, siguen con rutinas diferenciadas, al igual que el uruguayo Nicol\u00e1s De la Cruz, incorporado al grupo, pero con menor exigencia por arrastrar una inactividad de tres meses.<\/p>\n\n\n\n<p>El uruguayo, adem\u00e1s, no viaj\u00f3 a San Mart\u00edn de los Andes por contagio de Covid-19 y al sumarse realiz\u00f3 tareas de reacondicionamiento f\u00edsico tras una trombosis que lo dej\u00f3 sin jugar el cl\u00e1sico con San Lorenzo, el 17 de octubre pasado.<\/p>\n","protected":false},"excerpt":{"rendered":"<p>El Millonario enfrentar\u00e1 este viernes, desde las 9.30, al Rojo en el predio del club en Ezeiza. La idea del DT Marcelo Gallardo es volver a jugar los fines de semana siguientes para poder llegar con ritmo a una temporada en la que tienen triple competencia.   <\/p>\n","protected":false},"author":2,"featured_media":33077,"parent":0,"menu_order":0,"comment_status":"closed","ping_status":"closed","template":"","meta":{"om_disable_all_campaigns":false,"_monsterinsights_skip_tracking":false,"_monsterinsights_sitenote_active":false,"_monsterinsights_sitenote_note":"","_monsterinsights_sitenote_category":0,"_uf_show_specific_survey":0,"_uf_disable_surveys":false,"footnotes":""},"class_list":["post-33076","page","type-page","status-publish","has-post-thumbnail","hentry"],"aioseo_notices":[],"jetpack_sharing_enabled":true,"_links":{"self":[{"href":"http:\/\/elterritorialweb.com.ar\/web\/wp-json\/wp\/v2\/pages\/33076","targetHints":{"allow":["GET"]}}],"collection":[{"href":"http:\/\/elterritorialweb.com.ar\/web\/wp-json\/wp\/v2\/pages"}],"about":[{"href":"http:\/\/elterritorialweb.com.ar\/web\/wp-json\/wp\/v2\/types\/page"}],"author":[{"embeddable":true,"href":"http:\/\/elterritorialweb.com.ar\/web\/wp-json\/wp\/v2\/users\/2"}],"replies":[{"embeddable":true,"href":"http:\/\/elterritorialweb.com.ar\/web\/wp-json\/wp\/v2\/comments?post=33076"}],"version-history":[{"count":2,"href":"http:\/\/elterritorialweb.com.ar\/web\/wp-json\/wp\/v2\/pages\/33076\/revisions"}],"predecessor-version":[{"id":33081,"href":"http:\/\/elterritorialweb.com.ar\/web\/wp-json\/wp\/v2\/pages\/33076\/revisions\/33081"}],"wp:featuredmedia":[{"embeddable":true,"href":"http:\/\/elterritorialweb.com.ar\/web\/wp-json\/wp\/v2\/media\/33077"}],"wp:attachment":[{"href":"http:\/\/elterritorialweb.com.ar\/web\/wp-json\/wp\/v2\/media?parent=33076"}],"curies":[{"name":"wp","href":"https:\/\/api.w.org\/{rel}","templated":true}]}}