{"id":45038,"date":"2022-09-20T13:29:40","date_gmt":"2022-09-20T13:29:40","guid":{"rendered":"http:\/\/elterritorialweb.com.ar\/web\/?page_id=45038"},"modified":"2022-09-21T17:42:49","modified_gmt":"2022-09-21T17:42:49","slug":"exitosa-participacion-del-equipo-de-natacion-artistica-en-cordoba","status":"publish","type":"page","link":"https:\/\/elterritorialweb.com.ar\/web\/exitosa-participacion-del-equipo-de-natacion-artistica-en-cordoba\/","title":{"rendered":"EXITOSA PARTICIPACI\u00d3N DEL EQUIPO DE NATACI\u00d3N ART\u00cdSTICA EN C\u00d3RDOBA"},"content":{"rendered":"\n<p>El equipo de Nado Art\u00edstico del Natatorio Ol\u00edmpico \u201cMadre de Ciudades\u201d, dirigidas por los profesores Rita Cansinos y Lucas Ballud participaron exitosamente en el encuentro que se realiz\u00f3 en La Cumbre, C\u00f3rdoba.<\/p>\n\n\n\n<figure class=\"wp-block-image size-full\"><a href=\"https:\/\/i0.wp.com\/elterritorialweb.com.ar\/web\/wp-content\/uploads\/2022\/09\/Screenshot_20220920-1015522.png\"><img data-recalc-dims=\"1\" decoding=\"async\" width=\"640\" height=\"696\" data-src=\"https:\/\/i0.wp.com\/elterritorialweb.com.ar\/web\/wp-content\/uploads\/2022\/09\/Screenshot_20220920-1015522.png?resize=640%2C696\" alt=\"\" class=\"wp-image-45039 lazyload\" data-srcset=\"https:\/\/i0.wp.com\/elterritorialweb.com.ar\/web\/wp-content\/uploads\/2022\/09\/Screenshot_20220920-1015522.png?w=718&amp;ssl=1 718w, https:\/\/i0.wp.com\/elterritorialweb.com.ar\/web\/wp-content\/uploads\/2022\/09\/Screenshot_20220920-1015522.png?resize=276%2C300&amp;ssl=1 276w\" data-sizes=\"(max-width: 640px) 100vw, 640px\" src=\"data:image\/svg+xml;base64,PHN2ZyB3aWR0aD0iMSIgaGVpZ2h0PSIxIiB4bWxucz0iaHR0cDovL3d3dy53My5vcmcvMjAwMC9zdmciPjwvc3ZnPg==\" style=\"--smush-placeholder-width: 640px; --smush-placeholder-aspect-ratio: 640\/696;\" \/><\/a><\/figure>\n\n\n\n<p>Las ni\u00f1as que integran el equipo son, Uliana Candussi Stefania, Coronel Jazm\u00edn Ariana, Corvalan Pizzi Sol, G\u00f3mez Araceli Camila, G\u00f3mez Daniela Agustina, G\u00f3mez Maia De Los Angeles, Heredia Victoria Isabel, Herrera P\u00e9rez Kihara, Maguna M\u00eda Valentina, Mamani B\u00e1rbara Magdalena, Orieta Gonz\u00e1lez Amparo, Pedemonte Giuliano M. Candelaria, Pedemonte Giuliano M. Ernestina, Rodr\u00edguez M\u00eda, Veliz M\u00eda Trinidad , Wlozovitz Sol, Almada Sof\u00eda y Barrios Andli.<\/p>\n\n\n\n<figure class=\"wp-block-image size-full\"><a href=\"https:\/\/i0.wp.com\/elterritorialweb.com.ar\/web\/wp-content\/uploads\/2022\/09\/Screenshot_20220920-1015362.png\"><img data-recalc-dims=\"1\" decoding=\"async\" width=\"640\" height=\"727\" data-src=\"https:\/\/i0.wp.com\/elterritorialweb.com.ar\/web\/wp-content\/uploads\/2022\/09\/Screenshot_20220920-1015362.png?resize=640%2C727\" alt=\"\" class=\"wp-image-45040 lazyload\" data-srcset=\"https:\/\/i0.wp.com\/elterritorialweb.com.ar\/web\/wp-content\/uploads\/2022\/09\/Screenshot_20220920-1015362.png?w=720&amp;ssl=1 720w, https:\/\/i0.wp.com\/elterritorialweb.com.ar\/web\/wp-content\/uploads\/2022\/09\/Screenshot_20220920-1015362.png?resize=264%2C300&amp;ssl=1 264w\" data-sizes=\"(max-width: 640px) 100vw, 640px\" src=\"data:image\/svg+xml;base64,PHN2ZyB3aWR0aD0iMSIgaGVpZ2h0PSIxIiB4bWxucz0iaHR0cDovL3d3dy53My5vcmcvMjAwMC9zdmciPjwvc3ZnPg==\" style=\"--smush-placeholder-width: 640px; --smush-placeholder-aspect-ratio: 640\/727;\" \/><\/a><\/figure>\n\n\n\n<p>Cabe destacar el avance de las peque\u00f1as en esta dif\u00edcil disciplina, que es nueva en la provincia, y sirve para seguir creciendo de cara a las pr\u00f3ximas presentaciones. <\/p>\n","protected":false},"excerpt":{"rendered":"<p>El encuentro estuvo a cargo de la Escuela de Nataci\u00f3n \u00abEl Cardumen\u00bb de la Cumbre<\/p>\n","protected":false},"author":2,"featured_media":45041,"parent":0,"menu_order":0,"comment_status":"closed","ping_status":"closed","template":"","meta":{"om_disable_all_campaigns":false,"_monsterinsights_skip_tracking":false,"_monsterinsights_sitenote_active":false,"_monsterinsights_sitenote_note":"","_monsterinsights_sitenote_category":0,"_uf_show_specific_survey":0,"_uf_disable_surveys":false,"jetpack_post_was_ever_published":false,"footnotes":""},"class_list":["post-45038","page","type-page","status-publish","has-post-thumbnail","hentry"],"aioseo_notices":[],"jetpack_sharing_enabled":true,"_links":{"self":[{"href":"https:\/\/elterritorialweb.com.ar\/web\/wp-json\/wp\/v2\/pages\/45038","targetHints":{"allow":["GET"]}}],"collection":[{"href":"https:\/\/elterritorialweb.com.ar\/web\/wp-json\/wp\/v2\/pages"}],"about":[{"href":"https:\/\/elterritorialweb.com.ar\/web\/wp-json\/wp\/v2\/types\/page"}],"author":[{"embeddable":true,"href":"https:\/\/elterritorialweb.com.ar\/web\/wp-json\/wp\/v2\/users\/2"}],"replies":[{"embeddable":true,"href":"https:\/\/elterritorialweb.com.ar\/web\/wp-json\/wp\/v2\/comments?post=45038"}],"version-history":[{"count":3,"href":"https:\/\/elterritorialweb.com.ar\/web\/wp-json\/wp\/v2\/pages\/45038\/revisions"}],"predecessor-version":[{"id":45090,"href":"https:\/\/elterritorialweb.com.ar\/web\/wp-json\/wp\/v2\/pages\/45038\/revisions\/45090"}],"wp:featuredmedia":[{"embeddable":true,"href":"https:\/\/elterritorialweb.com.ar\/web\/wp-json\/wp\/v2\/media\/45041"}],"wp:attachment":[{"href":"https:\/\/elterritorialweb.com.ar\/web\/wp-json\/wp\/v2\/media?parent=45038"}],"curies":[{"name":"wp","href":"https:\/\/api.w.org\/{rel}","templated":true}]}}