{"id":922,"date":"2020-02-28T18:29:12","date_gmt":"2020-02-28T18:29:12","guid":{"rendered":"http:\/\/elterritorialweb.com.ar\/web\/?page_id=922"},"modified":"2020-02-28T18:40:07","modified_gmt":"2020-02-28T18:40:07","slug":"el-gobernador-zamora-realizo-importantes-anuncios","status":"publish","type":"page","link":"https:\/\/elterritorialweb.com.ar\/web\/el-gobernador-zamora-realizo-importantes-anuncios\/","title":{"rendered":"EL GOBERNADOR ZAMORA REALIZ\u00d3 IMPORTANTES ANUNCIOS"},"content":{"rendered":"\n<p> El gobernador Gerardo Zamora realizo importantes anuncios junto a la Mesa de Di\u00e1logo y Trabajo en el Sal\u00f3n de Usos M\u00faltiples de Casa de Gobierno. En primer lugar se refiri\u00f3 al incremento en el sueldo b\u00e1sico para toda la administraci\u00f3n p\u00fablica y sector docente, del 45% sobre el b\u00e1sico actual, a partir del mes de marzo.<br>Tambi\u00e9n el Increment\u00f3 en la ayuda escolar de $ 4200 a $ 6000 por hijo que se abonar\u00e1 el d\u00eda 17 marzo, recalcando que que esto se debe a un esfuerzo mayor por parte de la provincia.<br>Finalmente y como \u00faltimo anuncio el pase a planta permanente de los contrato de empleo, y pase a empleo p\u00fablico de las locaciones de servicio, que hayan cumplido 5 y 3 a\u00f1os respectivamente en el cargo, al 1\u00b0 de Mayo del 2020. Esto como medida para mantener la estabilidad del empleado p\u00fablico y a su vez recalc\u00f3 que solo quedan 2800 contratos de locaciones, cuando se arranc\u00f3 con 5000. <\/p>\n\n\n\n<figure class=\"wp-block-image size-large\"><img data-recalc-dims=\"1\" decoding=\"async\" width=\"640\" height=\"427\" data-src=\"https:\/\/i0.wp.com\/elterritorialweb.com.ar\/web\/wp-content\/uploads\/2020\/02\/ANUNCIO-ZAMORA.jpg?resize=640%2C427\" alt=\"\" class=\"wp-image-924 lazyload\" data-srcset=\"https:\/\/i0.wp.com\/elterritorialweb.com.ar\/web\/wp-content\/uploads\/2020\/02\/ANUNCIO-ZAMORA.jpg?w=960&amp;ssl=1 960w, https:\/\/i0.wp.com\/elterritorialweb.com.ar\/web\/wp-content\/uploads\/2020\/02\/ANUNCIO-ZAMORA.jpg?resize=300%2C200&amp;ssl=1 300w, https:\/\/i0.wp.com\/elterritorialweb.com.ar\/web\/wp-content\/uploads\/2020\/02\/ANUNCIO-ZAMORA.jpg?resize=768%2C512&amp;ssl=1 768w, https:\/\/i0.wp.com\/elterritorialweb.com.ar\/web\/wp-content\/uploads\/2020\/02\/ANUNCIO-ZAMORA.jpg?resize=675%2C450&amp;ssl=1 675w\" data-sizes=\"(max-width: 640px) 100vw, 640px\" src=\"data:image\/svg+xml;base64,PHN2ZyB3aWR0aD0iMSIgaGVpZ2h0PSIxIiB4bWxucz0iaHR0cDovL3d3dy53My5vcmcvMjAwMC9zdmciPjwvc3ZnPg==\" style=\"--smush-placeholder-width: 640px; --smush-placeholder-aspect-ratio: 640\/427;\" \/><\/figure>\n","protected":false},"excerpt":{"rendered":"<p>El gobernador Gerardo Zamora realizo importantes anuncios junto a la Mesa de Di\u00e1logo y Trabajo&#8230;<\/p>\n","protected":false},"author":2,"featured_media":923,"parent":0,"menu_order":0,"comment_status":"closed","ping_status":"closed","template":"","meta":{"om_disable_all_campaigns":false,"_monsterinsights_skip_tracking":false,"_monsterinsights_sitenote_active":false,"_monsterinsights_sitenote_note":"","_monsterinsights_sitenote_category":0,"_uf_show_specific_survey":0,"_uf_disable_surveys":false,"jetpack_post_was_ever_published":false,"footnotes":""},"class_list":["post-922","page","type-page","status-publish","has-post-thumbnail","hentry"],"aioseo_notices":[],"jetpack_sharing_enabled":true,"_links":{"self":[{"href":"https:\/\/elterritorialweb.com.ar\/web\/wp-json\/wp\/v2\/pages\/922","targetHints":{"allow":["GET"]}}],"collection":[{"href":"https:\/\/elterritorialweb.com.ar\/web\/wp-json\/wp\/v2\/pages"}],"about":[{"href":"https:\/\/elterritorialweb.com.ar\/web\/wp-json\/wp\/v2\/types\/page"}],"author":[{"embeddable":true,"href":"https:\/\/elterritorialweb.com.ar\/web\/wp-json\/wp\/v2\/users\/2"}],"replies":[{"embeddable":true,"href":"https:\/\/elterritorialweb.com.ar\/web\/wp-json\/wp\/v2\/comments?post=922"}],"version-history":[{"count":1,"href":"https:\/\/elterritorialweb.com.ar\/web\/wp-json\/wp\/v2\/pages\/922\/revisions"}],"predecessor-version":[{"id":925,"href":"https:\/\/elterritorialweb.com.ar\/web\/wp-json\/wp\/v2\/pages\/922\/revisions\/925"}],"wp:featuredmedia":[{"embeddable":true,"href":"https:\/\/elterritorialweb.com.ar\/web\/wp-json\/wp\/v2\/media\/923"}],"wp:attachment":[{"href":"https:\/\/elterritorialweb.com.ar\/web\/wp-json\/wp\/v2\/media?parent=922"}],"curies":[{"name":"wp","href":"https:\/\/api.w.org\/{rel}","templated":true}]}}